{"id":3615,"date":"2023-02-12T15:53:09","date_gmt":"2023-02-12T14:53:09","guid":{"rendered":"https:\/\/venicehotelcadoro.com\/rooms\/"},"modified":"2023-05-10T09:29:39","modified_gmt":"2023-05-10T07:29:39","slug":"quartos","status":"publish","type":"page","link":"https:\/\/venicehotelcadoro.com\/pt-pt\/quartos\/","title":{"rendered":"Os nossos quartos"},"content":{"rendered":"\n<p>Com quartos exclusivos, tornamos o conceito de Boutique Hotel ainda mais completo: s\u00e3o poucos quartos dispon\u00edveis e planejados em seus m\u00ednimos detalhes para fazer de sua estadia uma experi\u00eancia m\u00e1gica.<\/p>\n\n\n\n<p>Aliado ao fasc\u00ednio inerente de Veneza, deixe-se seduzir tamb\u00e9m pelo&nbsp; ambiente cuidadosamente planejado de nossos quartos, simplesmente ideais para voc\u00ea desfrutar do canal que flui de frente \u00e0 sua janela.<\/p>\n\n\n\n<p><\/p>\n","protected":false},"excerpt":{"rendered":"<p>Com quartos exclusivos, tornamos o conceito de Boutique Hotel ainda mais completo: s\u00e3o poucos quartos dispon\u00edveis e planejados em seus m\u00ednimos detalhes para fazer de sua estadia uma experi\u00eancia m\u00e1gica. Aliado ao fasc\u00ednio inerente de Veneza, deixe-se seduzir tamb\u00e9m pelo&nbsp; [&hellip;]<\/p>\n","protected":false},"author":1,"featured_media":0,"parent":0,"menu_order":0,"comment_status":"closed","ping_status":"closed","template":"page-rooms.php","meta":{"inline_featured_image":false,"footnotes":""},"class_list":["post-3615","page","type-page","status-publish","hentry"],"acf":[],"_links":{"self":[{"href":"https:\/\/venicehotelcadoro.com\/pt-pt\/wp-json\/wp\/v2\/pages\/3615","targetHints":{"allow":["GET"]}}],"collection":[{"href":"https:\/\/venicehotelcadoro.com\/pt-pt\/wp-json\/wp\/v2\/pages"}],"about":[{"href":"https:\/\/venicehotelcadoro.com\/pt-pt\/wp-json\/wp\/v2\/types\/page"}],"author":[{"embeddable":true,"href":"https:\/\/venicehotelcadoro.com\/pt-pt\/wp-json\/wp\/v2\/users\/1"}],"replies":[{"embeddable":true,"href":"https:\/\/venicehotelcadoro.com\/pt-pt\/wp-json\/wp\/v2\/comments?post=3615"}],"version-history":[{"count":2,"href":"https:\/\/venicehotelcadoro.com\/pt-pt\/wp-json\/wp\/v2\/pages\/3615\/revisions"}],"predecessor-version":[{"id":4036,"href":"https:\/\/venicehotelcadoro.com\/pt-pt\/wp-json\/wp\/v2\/pages\/3615\/revisions\/4036"}],"wp:attachment":[{"href":"https:\/\/venicehotelcadoro.com\/pt-pt\/wp-json\/wp\/v2\/media?parent=3615"}],"curies":[{"name":"wp","href":"https:\/\/api.w.org\/{rel}","templated":true}]}}