{"id":3614,"date":"2023-02-12T15:53:09","date_gmt":"2023-02-12T14:53:09","guid":{"rendered":"https:\/\/venicehotelcadoro.com\/rooms\/"},"modified":"2023-05-10T09:28:54","modified_gmt":"2023-05-10T07:28:54","slug":"chambres","status":"publish","type":"page","link":"https:\/\/venicehotelcadoro.com\/fr\/chambres\/","title":{"rendered":"Nos chambres"},"content":{"rendered":"\n<p>Des chambres exclusives&nbsp;: nous avons rendu le concept de \u00ab&nbsp;boutique h\u00f4tel&nbsp;\u00bb encore plus complet, quelques chambres disponibles et toutes soign\u00e9es jusque dans les moindres d\u00e9tails, afin de faire de votre s\u00e9jour un moment magique.<\/p>\n\n\n\n<p>Laissez le charme de Venise et le soin apport\u00e9 \u00e0 nos chambres entrer dans votre c\u0153ur, ce qui est tout simplement id\u00e9al pour profiter du canal qui coule devant votre fen\u00eatre.<\/p>\n\n\n\n<p><\/p>\n","protected":false},"excerpt":{"rendered":"<p>Des chambres exclusives&nbsp;: nous avons rendu le concept de \u00ab&nbsp;boutique h\u00f4tel&nbsp;\u00bb encore plus complet, quelques chambres disponibles et toutes soign\u00e9es jusque dans les moindres d\u00e9tails, afin de faire de votre s\u00e9jour un moment magique. Laissez le charme de Venise et [&hellip;]<\/p>\n","protected":false},"author":1,"featured_media":0,"parent":0,"menu_order":0,"comment_status":"closed","ping_status":"closed","template":"page-rooms.php","meta":{"inline_featured_image":false,"footnotes":""},"class_list":["post-3614","page","type-page","status-publish","hentry"],"acf":[],"_links":{"self":[{"href":"https:\/\/venicehotelcadoro.com\/fr\/wp-json\/wp\/v2\/pages\/3614","targetHints":{"allow":["GET"]}}],"collection":[{"href":"https:\/\/venicehotelcadoro.com\/fr\/wp-json\/wp\/v2\/pages"}],"about":[{"href":"https:\/\/venicehotelcadoro.com\/fr\/wp-json\/wp\/v2\/types\/page"}],"author":[{"embeddable":true,"href":"https:\/\/venicehotelcadoro.com\/fr\/wp-json\/wp\/v2\/users\/1"}],"replies":[{"embeddable":true,"href":"https:\/\/venicehotelcadoro.com\/fr\/wp-json\/wp\/v2\/comments?post=3614"}],"version-history":[{"count":2,"href":"https:\/\/venicehotelcadoro.com\/fr\/wp-json\/wp\/v2\/pages\/3614\/revisions"}],"predecessor-version":[{"id":4035,"href":"https:\/\/venicehotelcadoro.com\/fr\/wp-json\/wp\/v2\/pages\/3614\/revisions\/4035"}],"wp:attachment":[{"href":"https:\/\/venicehotelcadoro.com\/fr\/wp-json\/wp\/v2\/media?parent=3614"}],"curies":[{"name":"wp","href":"https:\/\/api.w.org\/{rel}","templated":true}]}}