{"id":3616,"date":"2023-02-12T15:53:09","date_gmt":"2023-02-12T14:53:09","guid":{"rendered":"https:\/\/venicehotelcadoro.com\/rooms\/"},"modified":"2023-05-10T09:30:03","modified_gmt":"2023-05-10T07:30:03","slug":"habitaciones","status":"publish","type":"page","link":"https:\/\/venicehotelcadoro.com\/es\/habitaciones\/","title":{"rendered":"Nuestras habitaciones"},"content":{"rendered":"\n<p>Habitaciones exclusivas: hemos hecho que el concepto de Boutique Hotel sea a\u00fan m\u00e1s completo, un n\u00famero reducido de habitaciones y todas cuidadas hasta en los m\u00e1s m\u00ednimos detalles, para hacer que tu estancia sea m\u00e1gica.<\/p>\n\n\n\n<p>Deja que, junto con el encanto de Venecia, tambi\u00e9n entren en tu coraz\u00f3n nuestras cuidadas habitaciones, sencillamente ideales para disfrutar del canal que discurre delante de tu ventana.<\/p>\n\n\n\n<p><\/p>\n","protected":false},"excerpt":{"rendered":"<p>Habitaciones exclusivas: hemos hecho que el concepto de Boutique Hotel sea a\u00fan m\u00e1s completo, un n\u00famero reducido de habitaciones y todas cuidadas hasta en los m\u00e1s m\u00ednimos detalles, para hacer que tu estancia sea m\u00e1gica. Deja que, junto con el [&hellip;]<\/p>\n","protected":false},"author":1,"featured_media":0,"parent":0,"menu_order":0,"comment_status":"closed","ping_status":"closed","template":"page-rooms.php","meta":{"inline_featured_image":false,"footnotes":""},"class_list":["post-3616","page","type-page","status-publish","hentry"],"acf":[],"_links":{"self":[{"href":"https:\/\/venicehotelcadoro.com\/es\/wp-json\/wp\/v2\/pages\/3616","targetHints":{"allow":["GET"]}}],"collection":[{"href":"https:\/\/venicehotelcadoro.com\/es\/wp-json\/wp\/v2\/pages"}],"about":[{"href":"https:\/\/venicehotelcadoro.com\/es\/wp-json\/wp\/v2\/types\/page"}],"author":[{"embeddable":true,"href":"https:\/\/venicehotelcadoro.com\/es\/wp-json\/wp\/v2\/users\/1"}],"replies":[{"embeddable":true,"href":"https:\/\/venicehotelcadoro.com\/es\/wp-json\/wp\/v2\/comments?post=3616"}],"version-history":[{"count":2,"href":"https:\/\/venicehotelcadoro.com\/es\/wp-json\/wp\/v2\/pages\/3616\/revisions"}],"predecessor-version":[{"id":4037,"href":"https:\/\/venicehotelcadoro.com\/es\/wp-json\/wp\/v2\/pages\/3616\/revisions\/4037"}],"wp:attachment":[{"href":"https:\/\/venicehotelcadoro.com\/es\/wp-json\/wp\/v2\/media?parent=3616"}],"curies":[{"name":"wp","href":"https:\/\/api.w.org\/{rel}","templated":true}]}}